{"id":1418,"date":"2023-02-13T19:45:30","date_gmt":"2023-02-13T17:45:30","guid":{"rendered":"https:\/\/psy.artamax.eu\/?page_id=1418"},"modified":"2026-01-08T16:19:00","modified_gmt":"2026-01-08T15:19:00","slug":"abteilung-alumni","status":"publish","type":"page","link":"https:\/\/physiology-freiburg.de\/de\/abteilung-alumni\/","title":{"rendered":"Abteilung Alumni"},"content":{"rendered":"<section class=\"wpb-content-wrapper\"><section class=\"l-section wpb_row us_custom_0d15be52 height_medium with_img\"><div class=\"l-section-img\" style=\"background-image: url(https:\/\/physiology-freiburg.de\/wp-content\/uploads\/2023\/01\/title-bg2.jpg);background-repeat: repeat-x;\" data-img-width=\"1980\" data-img-height=\"347\"><\/div><div class=\"l-section-h i-cf\"><div class=\"g-cols vc_row via_flex valign_top type_default stacking_default\"><div class=\"vc_col-sm-12 wpb_column vc_column_container\"><div class=\"vc_column-inner\"><div class=\"wpb_wrapper\"><div class=\"wpb_text_column us_custom_c3caa8b2 has_text_color\"><div class=\"wpb_wrapper\"><h1 style=\"text-align: center;\">Alumni<\/h1>\n<\/div><\/div><\/div><\/div><\/div><\/div><\/div><\/section><section class=\"l-section wpb_row height_custom\"><div class=\"l-section-h i-cf\"><div class=\"g-cols vc_row via_flex valign_top type_default stacking_default\"><div class=\"vc_col-sm-4 wpb_column vc_column_container\"><div class=\"vc_column-inner\"><div class=\"wpb_wrapper\"><div class=\"wpb_text_column\"><div class=\"wpb_wrapper\"><p>Dr. Jonatan Biskamp<\/p>\n<p>Dr. Daniel Doischer<\/p>\n<p>Dr. Jonas Aurel Hosp<\/p>\n<p>Dr. Anja Matthiae (geb. N\u00f6renberg)<\/p>\n<p>Margit Northemann<\/p>\n<p>Dr. Sivakumar Sambandan<\/p>\n<p>Dr. Tiago Felix<\/p>\n<p>Christoph Benkowitz<\/p>\n<p>Thomas Meyer<\/p>\n<p>Johannes K\u00f6hler<\/p>\n<p>Dr. Jos\u00e9 Alcami Ayerbe<\/p>\n<p>Dr. Michael Str\u00fcber<\/p>\n<p>Dr. Thomas Maulhardt<\/p>\n<\/div><\/div><\/div><\/div><\/div><div class=\"vc_col-sm-4 wpb_column vc_column_container\"><div class=\"vc_column-inner\"><div class=\"wpb_wrapper\"><div class=\"wpb_text_column\"><div class=\"wpb_wrapper\"><div class=\"vc_col-sm-4 wpb_column vc_column_container\">\n<div class=\"vc_column-inner\">\n<div class=\"wpb_wrapper\">\n<div class=\"wpb_text_column\">\n<div class=\"wpb_wrapper\">\n<p>Lars Voss<\/p>\n<p>Sebastian Kugler<\/p>\n<p>Laura Dieringer<\/p>\n<p>Michael Sorhage<\/p>\n<p>Dr. Arkadeb Dutta<\/p>\n<p>Dr.Dr. Thomas Hainm\u00fcller<\/p>\n<p>Eduardo Maristany de las Casas<\/p>\n<p>Dr. Li-Wen Huang<\/p>\n<p>Dr. Shakuntala Savanthrapadian<\/p>\n<p>Qi Li<\/p>\n<p>Dr. Gayane Grigoryan<\/p>\n<p>Dr. Dorthe Kaufhold<\/p>\n<p>Delin Pu<\/p>\n<\/div>\n<\/div>\n<\/div>\n<\/div>\n<\/div>\n<\/div><\/div><\/div><\/div><\/div><div class=\"vc_col-sm-4 wpb_column vc_column_container\"><div class=\"vc_column-inner\"><div class=\"wpb_wrapper\"><div class=\"wpb_text_column\"><div class=\"wpb_wrapper\"><div class=\"vc_col-sm-4 wpb_column vc_column_container\">\n<div class=\"vc_column-inner\">\n<div class=\"wpb_wrapper\">\n<div class=\"wpb_text_column\">\n<div class=\"wpb_wrapper\">\n<p>Dr. Hung-Ling Chen<\/p>\n<p>Mohammad Reza Govahi<\/p>\n<p>Dr. med. Jan Hartung<\/p>\n<p>Dr. Mei Yuan<\/p>\n<p>Dr. Hannah Muysers<\/p>\n<p>Lucas Trincas<\/p>\n<p>P.D. Dr. Jonas-Frederic Sauer<\/p>\n<p>Dr. Anna Schroeder<\/p>\n<p>Vasiliki Kouri<\/p>\n<\/div>\n<\/div>\n<\/div>\n<\/div>\n<\/div>\n<\/div><\/div><\/div><\/div><\/div><\/div><\/div><\/section>\n<\/section>","protected":false},"excerpt":{"rendered":"Alumni Dr. Jonatan Biskamp Dr. Daniel Doischer Dr. Jonas Aurel Hosp Dr. Anja Matthiae (geb. N\u00f6renberg) Margit Northemann Dr. Sivakumar Sambandan Dr. Tiago Felix Christoph Benkowitz Thomas Meyer Johannes K\u00f6hler Dr. Jos\u00e9 Alcami Ayerbe Dr. Michael Str\u00fcber Dr. Thomas Maulhardt Lars Voss Sebastian Kugler Laura Dieringer Michael Sorhage Dr. Arkadeb Dutta Dr.Dr. Thomas Hainm\u00fcller Eduardo...","protected":false},"author":4,"featured_media":0,"parent":0,"menu_order":0,"comment_status":"closed","ping_status":"closed","template":"","meta":{"footnotes":""},"class_list":["post-1418","page","type-page","status-publish","hentry"],"yoast_head":"<!-- This site is optimized with the Yoast SEO plugin v27.3 - https:\/\/yoast.com\/product\/yoast-seo-wordpress\/ -->\n<title>Abteilung Alumni - Institute of Physiology, Department 1 | University of Freiburg<\/title>\n<meta name=\"robots\" content=\"index, follow, max-snippet:-1, max-image-preview:large, max-video-preview:-1\" \/>\n<link rel=\"canonical\" href=\"https:\/\/physiology-freiburg.de\/de\/abteilung-alumni\/\" \/>\n<meta property=\"og:locale\" content=\"de_DE\" \/>\n<meta property=\"og:type\" content=\"article\" \/>\n<meta property=\"og:title\" content=\"Abteilung Alumni - Institute of Physiology, Department 1 | University of Freiburg\" \/>\n<meta property=\"og:url\" content=\"https:\/\/physiology-freiburg.de\/de\/abteilung-alumni\/\" \/>\n<meta property=\"og:site_name\" content=\"Institute of Physiology, Department 1 | University of Freiburg\" \/>\n<meta property=\"article:modified_time\" content=\"2026-01-08T15:19:00+00:00\" \/>\n<meta name=\"twitter:card\" content=\"summary_large_image\" \/>\n<meta name=\"twitter:label1\" content=\"Gesch\u00e4tzte Lesezeit\" \/>\n\t<meta name=\"twitter:data1\" content=\"1\u00a0Minute\" \/>\n<script type=\"application\/ld+json\" class=\"yoast-schema-graph\">{\"@context\":\"https:\\\/\\\/schema.org\",\"@graph\":[{\"@type\":\"WebPage\",\"@id\":\"https:\\\/\\\/physiology-freiburg.de\\\/de\\\/abteilung-alumni\\\/\",\"url\":\"https:\\\/\\\/physiology-freiburg.de\\\/de\\\/abteilung-alumni\\\/\",\"name\":\"Abteilung Alumni - Institute of Physiology, Department 1 | University of Freiburg\",\"isPartOf\":{\"@id\":\"https:\\\/\\\/physiology-freiburg.de\\\/#website\"},\"datePublished\":\"2023-02-13T17:45:30+00:00\",\"dateModified\":\"2026-01-08T15:19:00+00:00\",\"breadcrumb\":{\"@id\":\"https:\\\/\\\/physiology-freiburg.de\\\/de\\\/abteilung-alumni\\\/#breadcrumb\"},\"inLanguage\":\"de\",\"potentialAction\":[{\"@type\":\"ReadAction\",\"target\":[\"https:\\\/\\\/physiology-freiburg.de\\\/de\\\/abteilung-alumni\\\/\"]}]},{\"@type\":\"BreadcrumbList\",\"@id\":\"https:\\\/\\\/physiology-freiburg.de\\\/de\\\/abteilung-alumni\\\/#breadcrumb\",\"itemListElement\":[{\"@type\":\"ListItem\",\"position\":1,\"name\":\"Home\",\"item\":\"https:\\\/\\\/physiology-freiburg.de\\\/de\\\/\"},{\"@type\":\"ListItem\",\"position\":2,\"name\":\"Abteilung Alumni\"}]},{\"@type\":\"WebSite\",\"@id\":\"https:\\\/\\\/physiology-freiburg.de\\\/#website\",\"url\":\"https:\\\/\\\/physiology-freiburg.de\\\/\",\"name\":\"Institute of Physiology, Department 1 | University of Freiburg | Neuroscience Freiburg\",\"description\":\"\",\"publisher\":{\"@id\":\"https:\\\/\\\/physiology-freiburg.de\\\/#organization\"},\"potentialAction\":[{\"@type\":\"SearchAction\",\"target\":{\"@type\":\"EntryPoint\",\"urlTemplate\":\"https:\\\/\\\/physiology-freiburg.de\\\/?s={search_term_string}\"},\"query-input\":{\"@type\":\"PropertyValueSpecification\",\"valueRequired\":true,\"valueName\":\"search_term_string\"}}],\"inLanguage\":\"de\"},{\"@type\":\"Organization\",\"@id\":\"https:\\\/\\\/physiology-freiburg.de\\\/#organization\",\"name\":\"Institute of Physiology, Department 1 | University of Freiburg | Neuroscience Freiburg\",\"url\":\"https:\\\/\\\/physiology-freiburg.de\\\/\",\"logo\":{\"@type\":\"ImageObject\",\"inLanguage\":\"de\",\"@id\":\"https:\\\/\\\/physiology-freiburg.de\\\/#\\\/schema\\\/logo\\\/image\\\/\",\"url\":\"https:\\\/\\\/physiology-freiburg.de\\\/wp-content\\\/uploads\\\/2023\\\/01\\\/512.png\",\"contentUrl\":\"https:\\\/\\\/physiology-freiburg.de\\\/wp-content\\\/uploads\\\/2023\\\/01\\\/512.png\",\"width\":512,\"height\":512,\"caption\":\"Institute of Physiology, Department 1 | University of Freiburg | Neuroscience Freiburg\"},\"image\":{\"@id\":\"https:\\\/\\\/physiology-freiburg.de\\\/#\\\/schema\\\/logo\\\/image\\\/\"}}]}<\/script>\n<!-- \/ Yoast SEO plugin. -->","yoast_head_json":{"title":"Abteilung Alumni - Institute of Physiology, Department 1 | University of Freiburg","robots":{"index":"index","follow":"follow","max-snippet":"max-snippet:-1","max-image-preview":"max-image-preview:large","max-video-preview":"max-video-preview:-1"},"canonical":"https:\/\/physiology-freiburg.de\/de\/abteilung-alumni\/","og_locale":"de_DE","og_type":"article","og_title":"Abteilung Alumni - Institute of Physiology, Department 1 | University of Freiburg","og_url":"https:\/\/physiology-freiburg.de\/de\/abteilung-alumni\/","og_site_name":"Institute of Physiology, Department 1 | University of Freiburg","article_modified_time":"2026-01-08T15:19:00+00:00","twitter_card":"summary_large_image","twitter_misc":{"Gesch\u00e4tzte Lesezeit":"1\u00a0Minute"},"schema":{"@context":"https:\/\/schema.org","@graph":[{"@type":"WebPage","@id":"https:\/\/physiology-freiburg.de\/de\/abteilung-alumni\/","url":"https:\/\/physiology-freiburg.de\/de\/abteilung-alumni\/","name":"Abteilung Alumni - Institute of Physiology, Department 1 | University of Freiburg","isPartOf":{"@id":"https:\/\/physiology-freiburg.de\/#website"},"datePublished":"2023-02-13T17:45:30+00:00","dateModified":"2026-01-08T15:19:00+00:00","breadcrumb":{"@id":"https:\/\/physiology-freiburg.de\/de\/abteilung-alumni\/#breadcrumb"},"inLanguage":"de","potentialAction":[{"@type":"ReadAction","target":["https:\/\/physiology-freiburg.de\/de\/abteilung-alumni\/"]}]},{"@type":"BreadcrumbList","@id":"https:\/\/physiology-freiburg.de\/de\/abteilung-alumni\/#breadcrumb","itemListElement":[{"@type":"ListItem","position":1,"name":"Home","item":"https:\/\/physiology-freiburg.de\/de\/"},{"@type":"ListItem","position":2,"name":"Abteilung Alumni"}]},{"@type":"WebSite","@id":"https:\/\/physiology-freiburg.de\/#website","url":"https:\/\/physiology-freiburg.de\/","name":"Institute of Physiology, Department 1 | University of Freiburg | Neuroscience Freiburg","description":"","publisher":{"@id":"https:\/\/physiology-freiburg.de\/#organization"},"potentialAction":[{"@type":"SearchAction","target":{"@type":"EntryPoint","urlTemplate":"https:\/\/physiology-freiburg.de\/?s={search_term_string}"},"query-input":{"@type":"PropertyValueSpecification","valueRequired":true,"valueName":"search_term_string"}}],"inLanguage":"de"},{"@type":"Organization","@id":"https:\/\/physiology-freiburg.de\/#organization","name":"Institute of Physiology, Department 1 | University of Freiburg | Neuroscience Freiburg","url":"https:\/\/physiology-freiburg.de\/","logo":{"@type":"ImageObject","inLanguage":"de","@id":"https:\/\/physiology-freiburg.de\/#\/schema\/logo\/image\/","url":"https:\/\/physiology-freiburg.de\/wp-content\/uploads\/2023\/01\/512.png","contentUrl":"https:\/\/physiology-freiburg.de\/wp-content\/uploads\/2023\/01\/512.png","width":512,"height":512,"caption":"Institute of Physiology, Department 1 | University of Freiburg | Neuroscience Freiburg"},"image":{"@id":"https:\/\/physiology-freiburg.de\/#\/schema\/logo\/image\/"}}]}},"_links":{"self":[{"href":"https:\/\/physiology-freiburg.de\/de\/wp-json\/wp\/v2\/pages\/1418","targetHints":{"allow":["GET"]}}],"collection":[{"href":"https:\/\/physiology-freiburg.de\/de\/wp-json\/wp\/v2\/pages"}],"about":[{"href":"https:\/\/physiology-freiburg.de\/de\/wp-json\/wp\/v2\/types\/page"}],"author":[{"embeddable":true,"href":"https:\/\/physiology-freiburg.de\/de\/wp-json\/wp\/v2\/users\/4"}],"replies":[{"embeddable":true,"href":"https:\/\/physiology-freiburg.de\/de\/wp-json\/wp\/v2\/comments?post=1418"}],"version-history":[{"count":11,"href":"https:\/\/physiology-freiburg.de\/de\/wp-json\/wp\/v2\/pages\/1418\/revisions"}],"predecessor-version":[{"id":4198,"href":"https:\/\/physiology-freiburg.de\/de\/wp-json\/wp\/v2\/pages\/1418\/revisions\/4198"}],"wp:attachment":[{"href":"https:\/\/physiology-freiburg.de\/de\/wp-json\/wp\/v2\/media?parent=1418"}],"curies":[{"name":"wp","href":"https:\/\/api.w.org\/{rel}","templated":true}]}}