{"id":1478,"date":"2023-02-14T17:18:27","date_gmt":"2023-02-14T15:18:27","guid":{"rendered":"https:\/\/psy.artamax.eu\/?page_id=1478"},"modified":"2024-03-12T20:27:24","modified_gmt":"2024-03-12T19:27:24","slug":"kollaborationen","status":"publish","type":"page","link":"https:\/\/physiology-freiburg.de\/de\/kollaborationen\/","title":{"rendered":"Kollaborationen"},"content":{"rendered":"<section class=\"wpb-content-wrapper\"><section class=\"l-section wpb_row us_custom_0d15be52 height_medium with_img\"><div class=\"l-section-img\" style=\"background-image: url(https:\/\/physiology-freiburg.de\/wp-content\/uploads\/2023\/01\/title-bg2.jpg);background-repeat: repeat-x;\" data-img-width=\"1980\" data-img-height=\"347\"><\/div><div class=\"l-section-h i-cf\"><div class=\"g-cols vc_row via_flex valign_top type_default stacking_default\"><div class=\"vc_col-sm-12 wpb_column vc_column_container\"><div class=\"vc_column-inner\"><div class=\"wpb_wrapper\"><div class=\"wpb_text_column us_custom_c3caa8b2 has_text_color\"><div class=\"wpb_wrapper\"><h1 style=\"text-align: center;\">Kollaborationen<\/h1>\n<\/div><\/div><\/div><\/div><\/div><\/div><\/div><\/section><section class=\"l-section wpb_row height_custom\"><div class=\"l-section-h i-cf\"><div class=\"g-cols vc_row via_flex valign_top type_default stacking_default\"><div class=\"vc_col-sm-8 wpb_column vc_column_container\"><div class=\"vc_column-inner\"><div class=\"wpb_wrapper\"><div class=\"wpb_text_column\"><div class=\"wpb_wrapper\"><h2>Individuelle Zusammenarbeit<\/h2>\n<\/div><\/div><div class=\"w-separator size_small\"><\/div><div class=\"w-tabs us_custom_71d3e3d1 style_default switch_click accordion remove_indents\" style=\"--sections-title-size:1.1rem\"><div class=\"w-tabs-sections titles-align_none icon_plus cpos_right\"><div class=\"w-tabs-section\" id=\"k832\" itemscope itemprop=\"mainEntity\" itemtype=\"https:\/\/schema.org\/Question\"><button aria-controls=\"content-k832\" class=\"w-tabs-section-header\"><p class=\"w-tabs-section-title\" itemprop=\"name\">Prof. Dr. Ilka Diester (Optophysiology, IMBIT, Universit\u00e4t Freiburg, Germany)<\/p><div class=\"w-tabs-section-control\"><\/div><\/button><div  class=\"w-tabs-section-content\" id=\"content-k832\" aria-expanded=\"false\" itemscope itemprop=\"acceptedAnswer\" itemtype=\"https:\/\/schema.org\/Answer\"><div class=\"w-tabs-section-content-h i-cf\" itemprop=\"text\"><div class=\"wpb_text_column\"><div class=\"wpb_wrapper\"><p>In the course of the Research Unit 2143 about Interneuron plasticity, Prof.<br \/>\nBartos and Prof. Diester investigate the role of parvalbumin and somatostatin positive interneurons for<br \/>\ncognitive behavior.<\/p>\n<\/div><\/div><div class=\"w-separator size_small\"><\/div><div class=\"w-btn-wrapper align_none\"><a class=\"w-btn us-btn-style_1\" target=\"_blank\" href=\"https:\/\/www.optophysiology.uni-freiburg.de\/\" rel=\"noopener\"><span class=\"w-btn-label\">Weitere Informationen<\/span><\/a><\/div><\/div><\/div><\/div><div class=\"w-tabs-section\" id=\"q9cc\" itemscope itemprop=\"mainEntity\" itemtype=\"https:\/\/schema.org\/Question\"><button aria-controls=\"content-q9cc\" class=\"w-tabs-section-header\"><p class=\"w-tabs-section-title\" itemprop=\"name\">Prof. Rosa Cossart (Institut de Neurobiologie de la M\u00e9diterran\u00e9e, Marseille, France)<\/p><div class=\"w-tabs-section-control\"><\/div><\/button><div  class=\"w-tabs-section-content\" id=\"content-q9cc\" aria-expanded=\"false\" itemscope itemprop=\"acceptedAnswer\" itemtype=\"https:\/\/schema.org\/Answer\"><div class=\"w-tabs-section-content-h i-cf\" itemprop=\"text\"><div class=\"w-separator size_small\"><\/div><div class=\"w-btn-wrapper align_none\"><a class=\"w-btn us-btn-style_1\" target=\"_blank\" href=\"#\" rel=\"noopener\"><span class=\"w-btn-label\">Weitere Informationen<\/span><\/a><\/div><\/div><\/div><\/div><div class=\"w-tabs-section\" id=\"xc17\" itemscope itemprop=\"mainEntity\" itemtype=\"https:\/\/schema.org\/Question\"><button aria-controls=\"content-xc17\" class=\"w-tabs-section-header\"><p class=\"w-tabs-section-title\" itemprop=\"name\">Prof. Dr. Csaba F\u00f6ldy (University of Z\u00fcrich, Switzerland)<\/p><div class=\"w-tabs-section-control\"><\/div><\/button><div  class=\"w-tabs-section-content\" id=\"content-xc17\" aria-expanded=\"false\" itemscope itemprop=\"acceptedAnswer\" itemtype=\"https:\/\/schema.org\/Answer\"><div class=\"w-tabs-section-content-h i-cf\" itemprop=\"text\"><div class=\"wpb_text_column\"><div class=\"wpb_wrapper\"><p>Csaba F\u00f6ldy is an Associate Professor and Co-Director of the Brain Research Institute.<\/p>\n<\/div><\/div><div class=\"w-separator size_small\"><\/div><div class=\"w-btn-wrapper align_none\"><a class=\"w-btn us-btn-style_1\" target=\"_blank\" href=\"https:\/\/www.hifo.uzh.ch\/en\/research\/foldy.html\" rel=\"noopener\"><span class=\"w-btn-label\">Weitere Informationen<\/span><\/a><\/div><\/div><\/div><\/div><div class=\"w-tabs-section\" id=\"he22\" itemscope itemprop=\"mainEntity\" itemtype=\"https:\/\/schema.org\/Question\"><button aria-controls=\"content-he22\" class=\"w-tabs-section-header\"><p class=\"w-tabs-section-title\" itemprop=\"name\">Prof. Dr. J\u00f6rg Geiger (NeuroCure, Charit\u00e9, Berlin, Germany)<\/p><div class=\"w-tabs-section-control\"><\/div><\/button><div  class=\"w-tabs-section-content\" id=\"content-he22\" aria-expanded=\"false\" itemscope itemprop=\"acceptedAnswer\" itemtype=\"https:\/\/schema.org\/Answer\"><div class=\"w-tabs-section-content-h i-cf\" itemprop=\"text\"><div class=\"wpb_text_column\"><div class=\"wpb_wrapper\"><\/div><\/div><div class=\"w-separator size_small\"><\/div><div class=\"w-btn-wrapper align_none\"><a class=\"w-btn us-btn-style_1\" target=\"_blank\" href=\"#\" rel=\"noopener\"><span class=\"w-btn-label\">Weitere Informationen<\/span><\/a><\/div><\/div><\/div><\/div><div class=\"w-tabs-section\" id=\"t035\" itemscope itemprop=\"mainEntity\" itemtype=\"https:\/\/schema.org\/Question\"><button aria-controls=\"content-t035\" class=\"w-tabs-section-header\"><p class=\"w-tabs-section-title\" itemprop=\"name\">Prof. Richard Huganir (School of Medicine, Baltimore, MD, USA)<\/p><div class=\"w-tabs-section-control\"><\/div><\/button><div  class=\"w-tabs-section-content\" id=\"content-t035\" aria-expanded=\"false\" itemscope itemprop=\"acceptedAnswer\" itemtype=\"https:\/\/schema.org\/Answer\"><div class=\"w-tabs-section-content-h i-cf\" itemprop=\"text\"><div class=\"wpb_text_column\"><div class=\"wpb_wrapper\"><\/div><\/div><div class=\"w-separator size_small\"><\/div><div class=\"w-btn-wrapper align_none\"><a class=\"w-btn us-btn-style_1\" target=\"_blank\" href=\"#\" rel=\"noopener\"><span class=\"w-btn-label\">Weitere Informationen<\/span><\/a><\/div><\/div><\/div><\/div><div class=\"w-tabs-section\" id=\"x289\" itemscope itemprop=\"mainEntity\" itemtype=\"https:\/\/schema.org\/Question\"><button aria-controls=\"content-x289\" class=\"w-tabs-section-header\"><p class=\"w-tabs-section-title\" itemprop=\"name\">Prof. Dr. Peter Jonas (Institute of Science and Technology, Austria)<\/p><div class=\"w-tabs-section-control\"><\/div><\/button><div  class=\"w-tabs-section-content\" id=\"content-x289\" aria-expanded=\"false\" itemscope itemprop=\"acceptedAnswer\" itemtype=\"https:\/\/schema.org\/Answer\"><div class=\"w-tabs-section-content-h i-cf\" itemprop=\"text\"><div class=\"wpb_text_column\"><div class=\"wpb_wrapper\"><p>Synapses enable communication between neurons in the brain. The Jonas group investigates how signals pass through these vital interfaces \u2013 a major undertaking in the field of neuroscience.<\/p>\n<p>Understanding the function of the brain is a major challenge in the 21st century. The human brain comprises ~100 billion neurons, which communicate through ~10000 synapses per cell. Excitatory synapses use glutamate as a transmitter, whereas inhibitory synapses release Gamma-Aminobutyric acid (GABA). The group addresses two major questions. First, what are the biophysical signaling and plasticity mechanisms at glutamatergic and GABAergic synapses in the cortex? Second, how do specific synaptic properties generate higher network functions? In their work, the group combines nanophysiology, presynaptic patch-clamp and multi-cell recording, two-photon Ca2+ imaging, optogenetics, functional anatomy (&#8222;flash and freeze&#8220; electron microscopy), in vivo recording, and modeling. One focus is hippocampal mossy fiber synapses and output synapses of parvalbumin-expressing GABAergic interneurons<\/p>\n<\/div><\/div><div class=\"w-separator size_small\"><\/div><div class=\"w-btn-wrapper align_none\"><a class=\"w-btn us-btn-style_1\" target=\"_blank\" href=\"https:\/\/ist.ac.at\/en\/research\/jonas-group\/\" rel=\"noopener\"><span class=\"w-btn-label\">Weitere Informationen<\/span><\/a><\/div><\/div><\/div><\/div><div class=\"w-tabs-section\" id=\"e4d8\" itemscope itemprop=\"mainEntity\" itemtype=\"https:\/\/schema.org\/Question\"><button aria-controls=\"content-e4d8\" class=\"w-tabs-section-header\"><p class=\"w-tabs-section-title\" itemprop=\"name\">Prof. Dr. Andreas L\u00fcthi (Friedrich Miescher Institute, Basel, Switzerland)<\/p><div class=\"w-tabs-section-control\"><\/div><\/button><div  class=\"w-tabs-section-content\" id=\"content-e4d8\" aria-expanded=\"false\" itemscope itemprop=\"acceptedAnswer\" itemtype=\"https:\/\/schema.org\/Answer\"><div class=\"w-tabs-section-content-h i-cf\" itemprop=\"text\"><div class=\"wpb_text_column\"><div class=\"wpb_wrapper\"><p>Experience-dependent changes in behavior are mediated by long-term functional modifications in brain circuits. We are interested in understanding the underlying mechanisms at the molecular, cellular and circuit levels. As a model system, we are using classical (Pavlovian) fear conditioning, a simple form of associative learning that is particularly suitable for study in rodents.<\/p>\n<p>The inability to control or inhibit inappropriate fear responses is a hallmark of human anxiety disorders. We are investigating the cellular mechanisms underlying fear extinction, an associative learning process mediating inhibitory control of inappropriate fear behavior.<\/p>\n<p>Using a multidisciplinary and integrated experimental approach in mice, we are combining in vitro and in vivo electrophysiology, imaging, molecular biology, genetics, and behavioral techniques to identify the synaptic and cellular constituents of neural circuits in the amygdala underlying the acquisition, encoding and extinction of fear memory &#8211; the microcircuitry of fear conditioning.<\/p>\n<\/div><\/div><div class=\"w-separator size_small\"><\/div><div class=\"w-btn-wrapper align_none\"><a class=\"w-btn us-btn-style_1\" target=\"_blank\" href=\"https:\/\/www.fmi.ch\/research-groups\/groupleader.html?group=35\" rel=\"noopener\"><span class=\"w-btn-label\">Weitere Informationen<\/span><\/a><\/div><\/div><\/div><\/div><div class=\"w-tabs-section\" id=\"y6db\" itemscope itemprop=\"mainEntity\" itemtype=\"https:\/\/schema.org\/Question\"><button aria-controls=\"content-y6db\" class=\"w-tabs-section-header\"><p class=\"w-tabs-section-title\" itemprop=\"name\">Dr. Aaron Milstein (Stanford School of Medicine, USA)<\/p><div class=\"w-tabs-section-control\"><\/div><\/button><div  class=\"w-tabs-section-content\" id=\"content-y6db\" aria-expanded=\"false\" itemscope itemprop=\"acceptedAnswer\" itemtype=\"https:\/\/schema.org\/Answer\"><div class=\"w-tabs-section-content-h i-cf\" itemprop=\"text\"><div class=\"wpb_text_column\"><div class=\"wpb_wrapper\"><\/div><\/div><div class=\"w-separator size_small\"><\/div><div class=\"w-btn-wrapper align_none\"><a class=\"w-btn us-btn-style_1\" target=\"_blank\" href=\"#\" rel=\"noopener\"><span class=\"w-btn-label\">Weitere Informationen<\/span><\/a><\/div><\/div><\/div><\/div><div class=\"w-tabs-section\" id=\"w914\" itemscope itemprop=\"mainEntity\" itemtype=\"https:\/\/schema.org\/Question\"><button aria-controls=\"content-w914\" class=\"w-tabs-section-header\"><p class=\"w-tabs-section-title\" itemprop=\"name\">Dr. Frances Skinner (University of Toronto, Canada)<\/p><div class=\"w-tabs-section-control\"><\/div><\/button><div  class=\"w-tabs-section-content\" id=\"content-w914\" aria-expanded=\"false\" itemscope itemprop=\"acceptedAnswer\" itemtype=\"https:\/\/schema.org\/Answer\"><div class=\"w-tabs-section-content-h i-cf\" itemprop=\"text\"><div class=\"wpb_text_column\"><div class=\"wpb_wrapper\"><p>The Skinner Lab is part of &#8222;Krembil Computational Neuroscience (KCN)&#8220;<\/p>\n<p>Focus: Neuronal and Neuronal Network Model Development, Use and Analyses<\/p>\n<\/div><\/div><div class=\"w-separator size_small\"><\/div><div class=\"w-btn-wrapper align_none\"><a class=\"w-btn us-btn-style_1\" target=\"_blank\" href=\"https:\/\/www.skinnerlab.org\/\" rel=\"noopener\"><span class=\"w-btn-label\">Weitere Informationen<\/span><\/a><\/div><\/div><\/div><\/div><div class=\"w-tabs-section\" id=\"tb17\" itemscope itemprop=\"mainEntity\" itemtype=\"https:\/\/schema.org\/Question\"><button aria-controls=\"content-tb17\" class=\"w-tabs-section-header\"><p class=\"w-tabs-section-title\" itemprop=\"name\">Prof. Dr. Imre Vida (NeuroCure, Berlin, Germany)<\/p><div class=\"w-tabs-section-control\"><\/div><\/button><div  class=\"w-tabs-section-content\" id=\"content-tb17\" aria-expanded=\"false\" itemscope itemprop=\"acceptedAnswer\" itemtype=\"https:\/\/schema.org\/Answer\"><div class=\"w-tabs-section-content-h i-cf\" itemprop=\"text\"><div class=\"wpb_text_column\"><div class=\"wpb_wrapper\"><\/div><\/div><div class=\"w-separator size_small\"><\/div><div class=\"w-btn-wrapper align_none\"><a class=\"w-btn us-btn-style_1\" target=\"_blank\" href=\"#\" rel=\"noopener\"><span class=\"w-btn-label\">Weitere Informationen<\/span><\/a><\/div><\/div><\/div><\/div><div class=\"w-tabs-section\" id=\"ed1d\" itemscope itemprop=\"mainEntity\" itemtype=\"https:\/\/schema.org\/Question\"><button aria-controls=\"content-ed1d\" class=\"w-tabs-section-header\"><p class=\"w-tabs-section-title\" itemprop=\"name\">Prof. Dr. Peer Wulff (Cristian-Albrechts University, Kiel, Germany)<\/p><div class=\"w-tabs-section-control\"><\/div><\/button><div  class=\"w-tabs-section-content\" id=\"content-ed1d\" aria-expanded=\"false\" itemscope itemprop=\"acceptedAnswer\" itemtype=\"https:\/\/schema.org\/Answer\"><div class=\"w-tabs-section-content-h i-cf\" itemprop=\"text\"><div class=\"wpb_text_column\"><div class=\"wpb_wrapper\"><\/div><\/div><div class=\"w-separator size_small\"><\/div><div class=\"w-btn-wrapper align_none\"><a class=\"w-btn us-btn-style_1\" target=\"_blank\" href=\"#\" rel=\"noopener\"><span class=\"w-btn-label\">Weitere Informationen<\/span><\/a><\/div><\/div><\/div><\/div><\/div><\/div><\/div><\/div><\/div><div class=\"vc_col-sm-4 wpb_column vc_column_container\"><div class=\"vc_column-inner\"><div class=\"wpb_wrapper\"><div class=\"w-separator size_medium\"><\/div><div class=\"w-image align_none\"><div class=\"w-image-h\"><img loading=\"lazy\" decoding=\"async\" width=\"450\" height=\"930\" src=\"https:\/\/physiology-freiburg.de\/wp-content\/uploads\/2023\/01\/collaborations.jpg\" class=\"attachment-full size-full\" alt=\"\" srcset=\"https:\/\/physiology-freiburg.de\/wp-content\/uploads\/2023\/01\/collaborations.jpg 450w, https:\/\/physiology-freiburg.de\/wp-content\/uploads\/2023\/01\/collaborations-290x600.jpg 290w, https:\/\/physiology-freiburg.de\/wp-content\/uploads\/2023\/01\/collaborations-145x300.jpg 145w\" sizes=\"auto, (max-width: 450px) 100vw, 450px\" \/><\/div><\/div><\/div><\/div><\/div><\/div><\/div><\/section><section class=\"l-section wpb_row height_custom\"><div class=\"l-section-h i-cf\"><div class=\"g-cols vc_row via_flex valign_top type_default stacking_default\"><div class=\"vc_col-sm-6 wpb_column vc_column_container\"><div class=\"vc_column-inner\"><div class=\"wpb_wrapper\"><div class=\"wpb_text_column\"><div class=\"wpb_wrapper\"><h3>Netzwerk der europ\u00e4ischen neurowissenschaftlichen Institute<\/h3>\n<\/div><\/div><\/div><\/div><\/div><div class=\"vc_col-sm-6 wpb_column vc_column_container\"><div class=\"vc_column-inner\"><div class=\"wpb_wrapper\"><div class=\"wpb_text_column\"><div class=\"wpb_wrapper\"><p><strong>Neurowissenschaften in Freiburg<\/strong><\/p>\n<p><a href=\"https:\/\/www.neuro.uni-freiburg.de\" target=\"_blank\" rel=\"noopener\">https:\/\/www.neuro.uni-freiburg.de<\/a><\/p>\n<\/div><\/div><\/div><\/div><\/div><\/div><\/div><\/section><section class=\"l-section wpb_row height_custom\"><div class=\"l-section-h i-cf\"><div class=\"g-cols vc_row via_flex valign_top type_default stacking_default\"><div class=\"vc_col-sm-12 wpb_column vc_column_container\"><div class=\"vc_column-inner\"><div class=\"wpb_wrapper\"><div class=\"wpb_text_column\"><div class=\"wpb_wrapper\"><h2>Forschungskonsortien<\/h2>\n<\/div><\/div><\/div><\/div><\/div><\/div><\/div><\/section><section class=\"l-section wpb_row height_small\"><div class=\"l-section-h i-cf\"><div class=\"g-cols vc_row via_flex valign_top type_default stacking_default\"><div class=\"vc_col-sm-12 wpb_column vc_column_container\"><div class=\"vc_column-inner\"><div class=\"wpb_wrapper\"><div class=\"w-image align_left\"><div class=\"w-image-h\"><img loading=\"lazy\" decoding=\"async\" width=\"300\" height=\"200\" src=\"https:\/\/physiology-freiburg.de\/wp-content\/uploads\/2023\/01\/logo-DFG-2143.png\" class=\"attachment-full size-full\" alt=\"\" \/><\/div><\/div><div class=\"w-image align_left\"><div class=\"w-image-h\"><img loading=\"lazy\" decoding=\"async\" width=\"300\" height=\"200\" src=\"https:\/\/physiology-freiburg.de\/wp-content\/uploads\/2023\/01\/logo-for5159.png\" class=\"attachment-full size-full\" alt=\"\" \/><\/div><\/div><div class=\"w-image align_left\"><div class=\"w-image-h\"><img loading=\"lazy\" decoding=\"async\" width=\"300\" height=\"200\" src=\"https:\/\/physiology-freiburg.de\/wp-content\/uploads\/2023\/01\/logo-sfb-1381.png\" class=\"attachment-full size-full\" alt=\"\" \/><\/div><\/div><div class=\"w-image align_left\"><div class=\"w-image-h\"><img loading=\"lazy\" decoding=\"async\" width=\"300\" height=\"200\" src=\"https:\/\/physiology-freiburg.de\/wp-content\/uploads\/2023\/01\/footer-logo-brain-links.png\" class=\"attachment-full size-full\" alt=\"\" \/><\/div><\/div><div class=\"w-image align_left\"><div class=\"w-image-h\"><img loading=\"lazy\" decoding=\"async\" width=\"300\" height=\"200\" src=\"https:\/\/physiology-freiburg.de\/wp-content\/uploads\/2023\/01\/logo-crc1193.png\" class=\"attachment-full size-full\" alt=\"\" \/><\/div><\/div><div class=\"w-image align_left\"><div class=\"w-image-h\"><img loading=\"lazy\" decoding=\"async\" width=\"300\" height=\"200\" src=\"https:\/\/physiology-freiburg.de\/wp-content\/uploads\/2023\/01\/logo-spp1665.png\" class=\"attachment-full size-full\" alt=\"\" \/><\/div><\/div><\/div><\/div><\/div><\/div><\/div><\/section>\n<\/section>","protected":false},"excerpt":{"rendered":"Kollaborationen Individuelle Zusammenarbeit Prof. Dr. Ilka Diester (Optophysiology, IMBIT, Universit\u00e4t Freiburg, Germany)In the course of the Research Unit 2143 about Interneuron plasticity, Prof. Bartos and Prof. Diester investigate the role of parvalbumin and somatostatin positive interneurons for cognitive behavior. Weitere InformationenProf. Rosa Cossart (Institut de Neurobiologie de la M\u00e9diterran\u00e9e, Marseille, France)Weitere InformationenProf. Dr. Csaba F\u00f6ldy...","protected":false},"author":4,"featured_media":0,"parent":0,"menu_order":0,"comment_status":"closed","ping_status":"closed","template":"","meta":{"footnotes":""},"class_list":["post-1478","page","type-page","status-publish","hentry"],"yoast_head":"<!-- This site is optimized with the Yoast SEO plugin v27.3 - https:\/\/yoast.com\/product\/yoast-seo-wordpress\/ -->\n<title>Kollaborationen - Institute of Physiology, Department 1 | University of Freiburg<\/title>\n<meta name=\"robots\" content=\"index, follow, max-snippet:-1, max-image-preview:large, max-video-preview:-1\" \/>\n<link rel=\"canonical\" href=\"https:\/\/physiology-freiburg.de\/de\/kollaborationen\/\" \/>\n<meta property=\"og:locale\" content=\"de_DE\" \/>\n<meta property=\"og:type\" content=\"article\" \/>\n<meta property=\"og:title\" content=\"Kollaborationen - Institute of Physiology, Department 1 | University of Freiburg\" \/>\n<meta property=\"og:url\" content=\"https:\/\/physiology-freiburg.de\/de\/kollaborationen\/\" \/>\n<meta property=\"og:site_name\" content=\"Institute of Physiology, Department 1 | University of Freiburg\" \/>\n<meta property=\"article:modified_time\" content=\"2024-03-12T19:27:24+00:00\" \/>\n<meta name=\"twitter:card\" content=\"summary_large_image\" \/>\n<meta name=\"twitter:label1\" content=\"Gesch\u00e4tzte Lesezeit\" \/>\n\t<meta name=\"twitter:data1\" content=\"5\u00a0Minuten\" \/>\n<script type=\"application\/ld+json\" class=\"yoast-schema-graph\">{\"@context\":\"https:\\\/\\\/schema.org\",\"@graph\":[{\"@type\":\"WebPage\",\"@id\":\"https:\\\/\\\/physiology-freiburg.de\\\/de\\\/kollaborationen\\\/\",\"url\":\"https:\\\/\\\/physiology-freiburg.de\\\/de\\\/kollaborationen\\\/\",\"name\":\"Kollaborationen - Institute of Physiology, Department 1 | University of Freiburg\",\"isPartOf\":{\"@id\":\"https:\\\/\\\/physiology-freiburg.de\\\/#website\"},\"datePublished\":\"2023-02-14T15:18:27+00:00\",\"dateModified\":\"2024-03-12T19:27:24+00:00\",\"breadcrumb\":{\"@id\":\"https:\\\/\\\/physiology-freiburg.de\\\/de\\\/kollaborationen\\\/#breadcrumb\"},\"inLanguage\":\"de\",\"potentialAction\":[{\"@type\":\"ReadAction\",\"target\":[\"https:\\\/\\\/physiology-freiburg.de\\\/de\\\/kollaborationen\\\/\"]}]},{\"@type\":\"BreadcrumbList\",\"@id\":\"https:\\\/\\\/physiology-freiburg.de\\\/de\\\/kollaborationen\\\/#breadcrumb\",\"itemListElement\":[{\"@type\":\"ListItem\",\"position\":1,\"name\":\"Home\",\"item\":\"https:\\\/\\\/physiology-freiburg.de\\\/de\\\/\"},{\"@type\":\"ListItem\",\"position\":2,\"name\":\"Kollaborationen\"}]},{\"@type\":\"WebSite\",\"@id\":\"https:\\\/\\\/physiology-freiburg.de\\\/#website\",\"url\":\"https:\\\/\\\/physiology-freiburg.de\\\/\",\"name\":\"Institute of Physiology, Department 1 | University of Freiburg | Neuroscience Freiburg\",\"description\":\"\",\"publisher\":{\"@id\":\"https:\\\/\\\/physiology-freiburg.de\\\/#organization\"},\"potentialAction\":[{\"@type\":\"SearchAction\",\"target\":{\"@type\":\"EntryPoint\",\"urlTemplate\":\"https:\\\/\\\/physiology-freiburg.de\\\/?s={search_term_string}\"},\"query-input\":{\"@type\":\"PropertyValueSpecification\",\"valueRequired\":true,\"valueName\":\"search_term_string\"}}],\"inLanguage\":\"de\"},{\"@type\":\"Organization\",\"@id\":\"https:\\\/\\\/physiology-freiburg.de\\\/#organization\",\"name\":\"Institute of Physiology, Department 1 | University of Freiburg | Neuroscience Freiburg\",\"url\":\"https:\\\/\\\/physiology-freiburg.de\\\/\",\"logo\":{\"@type\":\"ImageObject\",\"inLanguage\":\"de\",\"@id\":\"https:\\\/\\\/physiology-freiburg.de\\\/#\\\/schema\\\/logo\\\/image\\\/\",\"url\":\"https:\\\/\\\/physiology-freiburg.de\\\/wp-content\\\/uploads\\\/2023\\\/01\\\/512.png\",\"contentUrl\":\"https:\\\/\\\/physiology-freiburg.de\\\/wp-content\\\/uploads\\\/2023\\\/01\\\/512.png\",\"width\":512,\"height\":512,\"caption\":\"Institute of Physiology, Department 1 | University of Freiburg | Neuroscience Freiburg\"},\"image\":{\"@id\":\"https:\\\/\\\/physiology-freiburg.de\\\/#\\\/schema\\\/logo\\\/image\\\/\"}}]}<\/script>\n<!-- \/ Yoast SEO plugin. -->","yoast_head_json":{"title":"Kollaborationen - Institute of Physiology, Department 1 | University of Freiburg","robots":{"index":"index","follow":"follow","max-snippet":"max-snippet:-1","max-image-preview":"max-image-preview:large","max-video-preview":"max-video-preview:-1"},"canonical":"https:\/\/physiology-freiburg.de\/de\/kollaborationen\/","og_locale":"de_DE","og_type":"article","og_title":"Kollaborationen - Institute of Physiology, Department 1 | University of Freiburg","og_url":"https:\/\/physiology-freiburg.de\/de\/kollaborationen\/","og_site_name":"Institute of Physiology, Department 1 | University of Freiburg","article_modified_time":"2024-03-12T19:27:24+00:00","twitter_card":"summary_large_image","twitter_misc":{"Gesch\u00e4tzte Lesezeit":"5\u00a0Minuten"},"schema":{"@context":"https:\/\/schema.org","@graph":[{"@type":"WebPage","@id":"https:\/\/physiology-freiburg.de\/de\/kollaborationen\/","url":"https:\/\/physiology-freiburg.de\/de\/kollaborationen\/","name":"Kollaborationen - Institute of Physiology, Department 1 | University of Freiburg","isPartOf":{"@id":"https:\/\/physiology-freiburg.de\/#website"},"datePublished":"2023-02-14T15:18:27+00:00","dateModified":"2024-03-12T19:27:24+00:00","breadcrumb":{"@id":"https:\/\/physiology-freiburg.de\/de\/kollaborationen\/#breadcrumb"},"inLanguage":"de","potentialAction":[{"@type":"ReadAction","target":["https:\/\/physiology-freiburg.de\/de\/kollaborationen\/"]}]},{"@type":"BreadcrumbList","@id":"https:\/\/physiology-freiburg.de\/de\/kollaborationen\/#breadcrumb","itemListElement":[{"@type":"ListItem","position":1,"name":"Home","item":"https:\/\/physiology-freiburg.de\/de\/"},{"@type":"ListItem","position":2,"name":"Kollaborationen"}]},{"@type":"WebSite","@id":"https:\/\/physiology-freiburg.de\/#website","url":"https:\/\/physiology-freiburg.de\/","name":"Institute of Physiology, Department 1 | University of Freiburg | Neuroscience Freiburg","description":"","publisher":{"@id":"https:\/\/physiology-freiburg.de\/#organization"},"potentialAction":[{"@type":"SearchAction","target":{"@type":"EntryPoint","urlTemplate":"https:\/\/physiology-freiburg.de\/?s={search_term_string}"},"query-input":{"@type":"PropertyValueSpecification","valueRequired":true,"valueName":"search_term_string"}}],"inLanguage":"de"},{"@type":"Organization","@id":"https:\/\/physiology-freiburg.de\/#organization","name":"Institute of Physiology, Department 1 | University of Freiburg | Neuroscience Freiburg","url":"https:\/\/physiology-freiburg.de\/","logo":{"@type":"ImageObject","inLanguage":"de","@id":"https:\/\/physiology-freiburg.de\/#\/schema\/logo\/image\/","url":"https:\/\/physiology-freiburg.de\/wp-content\/uploads\/2023\/01\/512.png","contentUrl":"https:\/\/physiology-freiburg.de\/wp-content\/uploads\/2023\/01\/512.png","width":512,"height":512,"caption":"Institute of Physiology, Department 1 | University of Freiburg | Neuroscience Freiburg"},"image":{"@id":"https:\/\/physiology-freiburg.de\/#\/schema\/logo\/image\/"}}]}},"_links":{"self":[{"href":"https:\/\/physiology-freiburg.de\/de\/wp-json\/wp\/v2\/pages\/1478","targetHints":{"allow":["GET"]}}],"collection":[{"href":"https:\/\/physiology-freiburg.de\/de\/wp-json\/wp\/v2\/pages"}],"about":[{"href":"https:\/\/physiology-freiburg.de\/de\/wp-json\/wp\/v2\/types\/page"}],"author":[{"embeddable":true,"href":"https:\/\/physiology-freiburg.de\/de\/wp-json\/wp\/v2\/users\/4"}],"replies":[{"embeddable":true,"href":"https:\/\/physiology-freiburg.de\/de\/wp-json\/wp\/v2\/comments?post=1478"}],"version-history":[{"count":3,"href":"https:\/\/physiology-freiburg.de\/de\/wp-json\/wp\/v2\/pages\/1478\/revisions"}],"predecessor-version":[{"id":1482,"href":"https:\/\/physiology-freiburg.de\/de\/wp-json\/wp\/v2\/pages\/1478\/revisions\/1482"}],"wp:attachment":[{"href":"https:\/\/physiology-freiburg.de\/de\/wp-json\/wp\/v2\/media?parent=1478"}],"curies":[{"name":"wp","href":"https:\/\/api.w.org\/{rel}","templated":true}]}}