{"id":2686,"date":"2024-03-12T20:09:00","date_gmt":"2024-03-12T19:09:00","guid":{"rendered":"https:\/\/physiology-freiburg.de\/?page_id=2686"},"modified":"2024-03-15T07:51:58","modified_gmt":"2024-03-15T06:51:58","slug":"impressum","status":"publish","type":"page","link":"https:\/\/physiology-freiburg.de\/de\/impressum\/","title":{"rendered":"Impressum"},"content":{"rendered":"<section class=\"wpb-content-wrapper\"><section class=\"l-section wpb_row height_custom\"><div class=\"l-section-h i-cf\"><div class=\"g-cols vc_row via_flex valign_top type_default stacking_default\"><div class=\"vc_col-sm-12 wpb_column vc_column_container\"><div class=\"vc_column-inner\"><div class=\"wpb_wrapper\"><div class=\"w-separator size_large\"><\/div><div class=\"wpb_text_column\"><div class=\"wpb_wrapper\"><h2 style=\"text-align: center;\"><span style=\"color: #333399;\">Impressum<\/span><\/h2>\n<\/div><\/div><\/div><\/div><\/div><\/div><\/div><\/section><section class=\"l-section wpb_row height_custom\"><div class=\"l-section-h i-cf\"><div class=\"g-cols vc_row via_flex valign_top type_default stacking_default\"><div class=\"vc_col-sm-12 wpb_column vc_column_container\"><div class=\"vc_column-inner\"><div class=\"wpb_wrapper\"><div class=\"wpb_text_column\"><div class=\"wpb_wrapper\"><h3>Leiter des Instituts f\u00fcr Physiologie, Abteilung 1; Prof. Marlene Bartos<\/h3>\n<p>Institut f\u00fcr Physiologie<br \/>\nUniversit\u00e4t Freiburg<br \/>\nHermann-Herder-Str. 7<br \/>\n79104 Freiburg<br \/>\nDeutschland<\/p>\n<h3>Das Institut f\u00fcr Physiologie ist eine Einrichtung der Universit\u00e4t Freiburg<\/h3>\n<p>Universit\u00e4t Freiburg<br \/>\nFriedrichstra\u00dfe 39<br \/>\n79098 Freiburg<br \/>\nTelefon: [++49] 0761 \/ 203 &#8211; 0<br \/>\nFax: [++49] 0761 \/ 203 &#8211; 4369<br \/>\ninfo@uni-freiburg.de<\/p>\n<p><a href=\"https:\/\/uni-freiburg.de\">www.uni-freiburg.de<\/a><\/p>\n<h3>Rechtsform und rechtliche Vertretung<\/h3>\n<p>Die Universit\u00e4t Freiburg ist eine K\u00f6rperschaft des \u00f6ffentlichen Rechts.<br \/>\nSie wird gesetzlich vertreten durch die Rektorin Prof. Dr. Kerstin Krieglstein.<\/p>\n<h3>Zust\u00e4ndige Aufsichtsbeh\u00f6rde<\/h3>\n<p>Ministerium f\u00fcr Wissenschaft, Forschung und Kunst Baden-W\u00fcrttemberg<br \/>\nK\u00f6nigstra\u00dfe 46, 70173 Stuttgart<\/p>\n<p>Umsatzsteuer-ID-Nummer DE 142116817<\/p>\n<p>EORI-Nummer DE1112988<\/p>\n<h3>Quellen<\/h3>\n<p>Die Fotos der Mitglieder wurden von den Mitgliedern zur Verf\u00fcgung gestellt, sofern nicht anders angegeben. Banner-Bilder und Videos wurden von Institutsmitgliedern erstellt und zur Verf\u00fcgung gestellt, sofern nicht anders angegeben. Die \u00fcbrigen Bilder auf der Website stammen aus den Stock-Fotodatenbanken.<\/p>\n<p>Die meisten Zeitschriftenartikel, die in unseren Mitgliederpublikationen zitiert werden, unterliegen einer Creative-Commons-Lizenz (CC), in der die rechtlichen Bedingungen f\u00fcr die Verbreitung und Nutzung digitaler Inhalte festgelegt sind. Der vollst\u00e4ndige, rechtsverbindliche Lizenztext ist auf der CC-Website zu finden. Dementsprechend werden die CC-Lizenzen der Mitgliedspublikationen mit CC &amp; DOI zitiert. Soweit zul\u00e4ssig, wird Bildmaterial mit Zeitschrift, Autor, DOI und CC zitiert.<\/p>\n<p>Die Erlaubnis zur Ver\u00f6ffentlichung von Zusammenfassungen von Mitgliedsartikeln, die keine CC-Lizenz besitzen, wird Mitgliedsautoren auf individueller Basis erteilt und setzt voraus, dass die Ver\u00f6ffentlichung f\u00fcr akademische, nicht-kommerzielle Zwecke erfolgt und dass ein Link zum vollst\u00e4ndigen Artikel auf der Website des Zeitschriftenverlags angegeben wird.<\/p>\n<p>Webkonzept und -gestaltung<\/p>\n<p>Die Website wurde von Mark Eyre konzipiert und gestaltet und von Vadim Ostapenko (www.artamax.com | www.webtelep.com) programmiert. Die Website verwendet WordPress als CMS.<\/p>\n<h3>Web-Editor<\/h3>\n<p>Mark Eyre hat an der Konzeption der Website mitgewirkt und ist Redakteur.<\/p>\n<p>Bitte beachten Sie das Impressum der Universit\u00e4t Freiburg:<\/p>\n<\/div><\/div><\/div><\/div><\/div><\/div><\/div><\/section><section class=\"l-section wpb_row height_custom\"><div class=\"l-section-h i-cf\"><div class=\"g-cols vc_row via_flex valign_top type_default stacking_default\"><div class=\"vc_col-sm-12 wpb_column vc_column_container\"><div class=\"vc_column-inner\"><div class=\"wpb_wrapper\"><\/div><\/div><\/div><\/div><\/div><\/section>\n<\/section>","protected":false},"excerpt":{"rendered":"Impressum Leiter des Instituts f\u00fcr Physiologie, Abteilung 1; Prof. Marlene Bartos Institut f\u00fcr Physiologie Universit\u00e4t Freiburg Hermann-Herder-Str. 7 79104 Freiburg Deutschland Das Institut f\u00fcr Physiologie ist eine Einrichtung der Universit\u00e4t Freiburg Universit\u00e4t Freiburg Friedrichstra\u00dfe 39 79098 Freiburg Telefon: [++49] 0761 \/ 203 &#8211; 0 Fax: [++49] 0761 \/ 203 &#8211; 4369 info@uni-freiburg.de www.uni-freiburg.de Rechtsform und...","protected":false},"author":4,"featured_media":0,"parent":0,"menu_order":0,"comment_status":"closed","ping_status":"closed","template":"","meta":{"footnotes":""},"class_list":["post-2686","page","type-page","status-publish","hentry"],"yoast_head":"<!-- This site is optimized with the Yoast SEO plugin v27.3 - https:\/\/yoast.com\/product\/yoast-seo-wordpress\/ -->\n<title>Impressum - Institute of Physiology, Department 1 | University of Freiburg<\/title>\n<meta name=\"robots\" content=\"index, follow, max-snippet:-1, max-image-preview:large, max-video-preview:-1\" \/>\n<link rel=\"canonical\" href=\"https:\/\/physiology-freiburg.de\/de\/impressum\/\" \/>\n<meta property=\"og:locale\" content=\"de_DE\" \/>\n<meta property=\"og:type\" content=\"article\" \/>\n<meta property=\"og:title\" content=\"Impressum - Institute of Physiology, Department 1 | University of Freiburg\" \/>\n<meta property=\"og:url\" content=\"https:\/\/physiology-freiburg.de\/de\/impressum\/\" \/>\n<meta property=\"og:site_name\" content=\"Institute of Physiology, Department 1 | University of Freiburg\" \/>\n<meta property=\"article:modified_time\" content=\"2024-03-15T06:51:58+00:00\" \/>\n<meta name=\"twitter:card\" content=\"summary_large_image\" \/>\n<meta name=\"twitter:label1\" content=\"Gesch\u00e4tzte Lesezeit\" \/>\n\t<meta name=\"twitter:data1\" content=\"2\u00a0Minuten\" \/>\n<script type=\"application\/ld+json\" class=\"yoast-schema-graph\">{\"@context\":\"https:\\\/\\\/schema.org\",\"@graph\":[{\"@type\":\"WebPage\",\"@id\":\"https:\\\/\\\/physiology-freiburg.de\\\/de\\\/impressum\\\/\",\"url\":\"https:\\\/\\\/physiology-freiburg.de\\\/de\\\/impressum\\\/\",\"name\":\"Impressum - Institute of Physiology, Department 1 | University of Freiburg\",\"isPartOf\":{\"@id\":\"https:\\\/\\\/physiology-freiburg.de\\\/#website\"},\"datePublished\":\"2024-03-12T19:09:00+00:00\",\"dateModified\":\"2024-03-15T06:51:58+00:00\",\"breadcrumb\":{\"@id\":\"https:\\\/\\\/physiology-freiburg.de\\\/de\\\/impressum\\\/#breadcrumb\"},\"inLanguage\":\"de\",\"potentialAction\":[{\"@type\":\"ReadAction\",\"target\":[\"https:\\\/\\\/physiology-freiburg.de\\\/de\\\/impressum\\\/\"]}]},{\"@type\":\"BreadcrumbList\",\"@id\":\"https:\\\/\\\/physiology-freiburg.de\\\/de\\\/impressum\\\/#breadcrumb\",\"itemListElement\":[{\"@type\":\"ListItem\",\"position\":1,\"name\":\"Home\",\"item\":\"https:\\\/\\\/physiology-freiburg.de\\\/de\\\/\"},{\"@type\":\"ListItem\",\"position\":2,\"name\":\"Impressum\"}]},{\"@type\":\"WebSite\",\"@id\":\"https:\\\/\\\/physiology-freiburg.de\\\/#website\",\"url\":\"https:\\\/\\\/physiology-freiburg.de\\\/\",\"name\":\"Institute of Physiology, Department 1 | University of Freiburg | Neuroscience Freiburg\",\"description\":\"\",\"publisher\":{\"@id\":\"https:\\\/\\\/physiology-freiburg.de\\\/#organization\"},\"potentialAction\":[{\"@type\":\"SearchAction\",\"target\":{\"@type\":\"EntryPoint\",\"urlTemplate\":\"https:\\\/\\\/physiology-freiburg.de\\\/?s={search_term_string}\"},\"query-input\":{\"@type\":\"PropertyValueSpecification\",\"valueRequired\":true,\"valueName\":\"search_term_string\"}}],\"inLanguage\":\"de\"},{\"@type\":\"Organization\",\"@id\":\"https:\\\/\\\/physiology-freiburg.de\\\/#organization\",\"name\":\"Institute of Physiology, Department 1 | University of Freiburg | Neuroscience Freiburg\",\"url\":\"https:\\\/\\\/physiology-freiburg.de\\\/\",\"logo\":{\"@type\":\"ImageObject\",\"inLanguage\":\"de\",\"@id\":\"https:\\\/\\\/physiology-freiburg.de\\\/#\\\/schema\\\/logo\\\/image\\\/\",\"url\":\"https:\\\/\\\/physiology-freiburg.de\\\/wp-content\\\/uploads\\\/2023\\\/01\\\/512.png\",\"contentUrl\":\"https:\\\/\\\/physiology-freiburg.de\\\/wp-content\\\/uploads\\\/2023\\\/01\\\/512.png\",\"width\":512,\"height\":512,\"caption\":\"Institute of Physiology, Department 1 | University of Freiburg | Neuroscience Freiburg\"},\"image\":{\"@id\":\"https:\\\/\\\/physiology-freiburg.de\\\/#\\\/schema\\\/logo\\\/image\\\/\"}}]}<\/script>\n<!-- \/ Yoast SEO plugin. -->","yoast_head_json":{"title":"Impressum - Institute of Physiology, Department 1 | University of Freiburg","robots":{"index":"index","follow":"follow","max-snippet":"max-snippet:-1","max-image-preview":"max-image-preview:large","max-video-preview":"max-video-preview:-1"},"canonical":"https:\/\/physiology-freiburg.de\/de\/impressum\/","og_locale":"de_DE","og_type":"article","og_title":"Impressum - Institute of Physiology, Department 1 | University of Freiburg","og_url":"https:\/\/physiology-freiburg.de\/de\/impressum\/","og_site_name":"Institute of Physiology, Department 1 | University of Freiburg","article_modified_time":"2024-03-15T06:51:58+00:00","twitter_card":"summary_large_image","twitter_misc":{"Gesch\u00e4tzte Lesezeit":"2\u00a0Minuten"},"schema":{"@context":"https:\/\/schema.org","@graph":[{"@type":"WebPage","@id":"https:\/\/physiology-freiburg.de\/de\/impressum\/","url":"https:\/\/physiology-freiburg.de\/de\/impressum\/","name":"Impressum - Institute of Physiology, Department 1 | University of Freiburg","isPartOf":{"@id":"https:\/\/physiology-freiburg.de\/#website"},"datePublished":"2024-03-12T19:09:00+00:00","dateModified":"2024-03-15T06:51:58+00:00","breadcrumb":{"@id":"https:\/\/physiology-freiburg.de\/de\/impressum\/#breadcrumb"},"inLanguage":"de","potentialAction":[{"@type":"ReadAction","target":["https:\/\/physiology-freiburg.de\/de\/impressum\/"]}]},{"@type":"BreadcrumbList","@id":"https:\/\/physiology-freiburg.de\/de\/impressum\/#breadcrumb","itemListElement":[{"@type":"ListItem","position":1,"name":"Home","item":"https:\/\/physiology-freiburg.de\/de\/"},{"@type":"ListItem","position":2,"name":"Impressum"}]},{"@type":"WebSite","@id":"https:\/\/physiology-freiburg.de\/#website","url":"https:\/\/physiology-freiburg.de\/","name":"Institute of Physiology, Department 1 | University of Freiburg | Neuroscience Freiburg","description":"","publisher":{"@id":"https:\/\/physiology-freiburg.de\/#organization"},"potentialAction":[{"@type":"SearchAction","target":{"@type":"EntryPoint","urlTemplate":"https:\/\/physiology-freiburg.de\/?s={search_term_string}"},"query-input":{"@type":"PropertyValueSpecification","valueRequired":true,"valueName":"search_term_string"}}],"inLanguage":"de"},{"@type":"Organization","@id":"https:\/\/physiology-freiburg.de\/#organization","name":"Institute of Physiology, Department 1 | University of Freiburg | Neuroscience Freiburg","url":"https:\/\/physiology-freiburg.de\/","logo":{"@type":"ImageObject","inLanguage":"de","@id":"https:\/\/physiology-freiburg.de\/#\/schema\/logo\/image\/","url":"https:\/\/physiology-freiburg.de\/wp-content\/uploads\/2023\/01\/512.png","contentUrl":"https:\/\/physiology-freiburg.de\/wp-content\/uploads\/2023\/01\/512.png","width":512,"height":512,"caption":"Institute of Physiology, Department 1 | University of Freiburg | Neuroscience Freiburg"},"image":{"@id":"https:\/\/physiology-freiburg.de\/#\/schema\/logo\/image\/"}}]}},"_links":{"self":[{"href":"https:\/\/physiology-freiburg.de\/de\/wp-json\/wp\/v2\/pages\/2686","targetHints":{"allow":["GET"]}}],"collection":[{"href":"https:\/\/physiology-freiburg.de\/de\/wp-json\/wp\/v2\/pages"}],"about":[{"href":"https:\/\/physiology-freiburg.de\/de\/wp-json\/wp\/v2\/types\/page"}],"author":[{"embeddable":true,"href":"https:\/\/physiology-freiburg.de\/de\/wp-json\/wp\/v2\/users\/4"}],"replies":[{"embeddable":true,"href":"https:\/\/physiology-freiburg.de\/de\/wp-json\/wp\/v2\/comments?post=2686"}],"version-history":[{"count":8,"href":"https:\/\/physiology-freiburg.de\/de\/wp-json\/wp\/v2\/pages\/2686\/revisions"}],"predecessor-version":[{"id":2787,"href":"https:\/\/physiology-freiburg.de\/de\/wp-json\/wp\/v2\/pages\/2686\/revisions\/2787"}],"wp:attachment":[{"href":"https:\/\/physiology-freiburg.de\/de\/wp-json\/wp\/v2\/media?parent=2686"}],"curies":[{"name":"wp","href":"https:\/\/api.w.org\/{rel}","templated":true}]}}