{"id":2978,"date":"2024-03-15T08:12:30","date_gmt":"2024-03-15T07:12:30","guid":{"rendered":"https:\/\/physiology-freiburg.de\/?page_id=2978"},"modified":"2024-03-15T08:12:30","modified_gmt":"2024-03-15T07:12:30","slug":"datenschutzbestimmungen","status":"publish","type":"page","link":"https:\/\/physiology-freiburg.de\/de\/datenschutzbestimmungen\/","title":{"rendered":"Datenschutzbestimmungen"},"content":{"rendered":"<section class=\"wpb-content-wrapper\"><section class=\"l-section wpb_row height_custom\"><div class=\"l-section-h i-cf\"><div class=\"g-cols vc_row via_flex valign_top type_default stacking_default\"><div class=\"vc_col-sm-12 wpb_column vc_column_container\"><div class=\"vc_column-inner\"><div class=\"wpb_wrapper\"><div class=\"w-separator size_large\"><\/div><div class=\"wpb_text_column\"><div class=\"wpb_wrapper\"><h2 style=\"text-align: center;\"><span style=\"color: #333399;\">Datenschutzbestimmungen<\/span><\/h2>\n<\/div><\/div><div class=\"w-separator size_large\"><\/div><div class=\"wpb_text_column\"><div class=\"wpb_wrapper\"><h3>1. Verantwortliche Stelle im Sinne des Datenschutzes<\/h3>\n<p>Albert-Ludwigs-Universit\u00e4t Freiburg<br \/>\nFriedrichstra\u00dfe 39<br \/>\n79098 Freiburg<br \/>\nDeutschland<br \/>\n++49 (0)761\/203-0<br \/>\ninfo@uni-freiburg.de<\/p>\n<h3>2. Datenschutzbeauftragter<\/h3>\n<p>Universit\u00e4t Freiburg<br \/>\nDatenschutzbeauftragter<br \/>\ndatenschutzbeauftragter@uni-freiburg.de<\/p>\n<h3>3. Hinweis<\/h3>\n<p>Diese Informationen zum Datenschutz\/Datenschutzerkl\u00e4rung beziehen sich auf die zentrale Website der Universit\u00e4t Freiburg (www.uni-freiburg.de), die von der Abteilung Informatikdienste der Universit\u00e4t Freiburg betrieben wird. Andere Webseiten und Webserver, die von Abteilungen und Fakult\u00e4ten der Universit\u00e4t betrieben werden, k\u00f6nnen ihre eigenen Richtlinien f\u00fcr den Umgang mit personenbezogenen Daten haben und haben daher andere Datenschutzerkl\u00e4rungen.<\/p>\n<p>Generell nehmen wir die Privatsph\u00e4re unserer Besucherinnen und Besucher sehr ernst und erheben nur Daten, die f\u00fcr die Optimierung der Funktionalit\u00e4t und Nutzbarkeit der Webseiten notwendig sind.<\/p>\n<p>Soweit die Verarbeitung personenbezogener Daten im Rahmen von Aufgaben, die in der Verantwortung der Universit\u00e4t Freiburg liegen, oder einer Aufgabe, die im \u00f6ffentlichen Interesse liegt, erforderlich ist, erfolgt die Verarbeitung auf der Grundlage von \u00a7 6 Abs. 1 lit. e der EU-Grundverordnung. 1 lit. e der EU-Datenschutzgrundverordnung (EU-DSGVO) in Verbindung mit \u00a7 4 des Landesdatenschutzgesetzes.<\/p>\n<p>Dar\u00fcber hinaus hat die Universit\u00e4t ein berechtigtes Interesse an der Verarbeitung bestimmter personenbezogener Daten von Nutzern und Besuchern in Bereichen der Au\u00dfendarstellung sowie der Presse- und \u00d6ffentlichkeitsarbeit, insbesondere im Hinblick auf den Betrieb von Webseiten.<\/p>\n<p>&nbsp;<\/p>\n<h3>4. Erhebung von personenbezogenen Daten<\/h3>\n<p>Sofern auf den jeweiligen Webseiten nicht anders angegeben, werden personenbezogene Daten wie folgt erhoben:<\/p>\n<p>4.1. Abruf von Webseiten und Erstellung von Logfiles<br \/>\n4.1.1. Beschreibung und Kategorien von Daten<\/p>\n<p>Wenn Sie diese oder andere Webseiten besuchen, senden Sie \u00fcber Ihren Webbrowser Daten an unseren Webserver. Folgende Daten werden w\u00e4hrend einer laufenden Verbindung nur im Fehlerfall vor\u00fcbergehend in einer Protokolldatei gespeichert:<\/p>\n<p>IP-Adresse des anfragenden Rechners<br \/>\nDatum und Uhrzeit des Zugriffs<br \/>\nName, URL und \u00fcbertragene Datenmenge der angeforderten Datei<br \/>\nZugriffsstatus (angeforderte Datei \u00fcbertragen, nicht gefunden, etc.)<br \/>\nBrowsertyp und Betriebssystem (falls vom anfragenden Webbrowser gesendet)<br \/>\nWebseite, von der aus der Zugriff erfolgt ist (falls vom anfragenden Webbrowser \u00fcbermittelt)<\/p>\n<p>Die Daten in dieser Protokolldatei werden wie folgt verarbeitet:<\/p>\n<p>In Einzelf\u00e4llen, d.h. bei gemeldeten M\u00e4ngeln, Fehlern und Sicherheitsvorf\u00e4llen, wird eine manuelle Analyse durchgef\u00fchrt.<\/p>\n<p>4.1.2. Zweck<\/p>\n<p>Das System muss die IP-Adresse des Benutzers vor\u00fcbergehend speichern, damit die Website an den Computer des Benutzers gesendet werden kann. Die IP-Adresse des Nutzers muss f\u00fcr die Dauer der Sitzung aufbewahrt werden.<br \/>\nDie Daten werden in einer Protokolldatei gespeichert, um das ordnungsgem\u00e4\u00dfe Funktionieren der Website zu gew\u00e4hrleisten. Dar\u00fcber hinaus verwenden wir die Daten zur Optimierung der Website und zur Gew\u00e4hrleistung der Sicherheit unserer informationstechnischen Systeme. Die in den Log-Eintr\u00e4gen enthaltenen IP-Adressen werden nicht mit anderen gespeicherten Daten zusammengef\u00fchrt, es sei denn, es liegen tats\u00e4chliche Anhaltspunkte f\u00fcr eine St\u00f6rung des Betriebs vor.<br \/>\nDiese Zwecke stellen auch unser berechtigtes Interesse an der Datenverarbeitung gem\u00e4\u00df \u00a7 6 Abs. 1 lit. f DSGVO dar. 1 lit. f GDPR (General Data Protection Regulation).<\/p>\n<p>4.1.3. Rechtsgrundlage<\/p>\n<p>Die Rechtsgrundlage f\u00fcr die vor\u00fcbergehende Speicherung der Daten und der Logfiles ist \u00a7 6 Abs. 1 lit. f GDPR.<\/p>\n<p>4.1.4. Empf\u00e4nger<\/p>\n<p>F\u00fcr den Fall, dass Ermittlungsma\u00dfnahmen aufgrund von Angriffen auf unser informationstechnisches System eingeleitet werden, k\u00f6nnen die oben unter 4.1. genannten Daten und Logfiles an staatliche Ermittlungsbeh\u00f6rden (z.B. Polizei, Staatsanwaltschaft) weitergegeben werden.<br \/>\nGleiches gilt, wenn diese Stellen oder Gerichte Ermittlungen an die Universit\u00e4t richten und die Universit\u00e4t verpflichtet ist, diesen nachzukommen.<\/p>\n<p>&nbsp;<\/p>\n<p>4.1.5. Dauer der Datenspeicherung<\/p>\n<p>Die Daten werden gel\u00f6scht, sobald sie f\u00fcr die Erreichung des Zwecks, zu dem sie erhoben wurden, nicht mehr erforderlich sind. Im Falle von Daten, die zur Bereitstellung der Website erhoben wurden, ist dies am Ende der jeweiligen Sitzung der Fall.<br \/>\nDie in Logfiles gespeicherten Daten werden nach sieben Tagen gel\u00f6scht.<\/p>\n<p>4.1.6. Folgen der Nichtweitergabe, M\u00f6glichkeit des Widerspruchs oder der L\u00f6schung<\/p>\n<p>Die Erhebung von Daten zur Bereitstellung der Website und die Speicherung der Daten in Logfiles ist f\u00fcr den Betrieb der Website zwingend erforderlich. Nutzerinnen und Nutzer, die mit der beschriebenen Verarbeitung ihrer Daten nicht einverstanden sind, k\u00f6nnen sich auf andere Weise (telefonisch, schriftlich, pers\u00f6nlich) an die Universit\u00e4t wenden, um Informationen zu erhalten oder Funktionen der Website zu nutzen.<\/p>\n<p>&nbsp;<\/p>\n<h3>4.2. Verwendung von Cookies<\/h3>\n<p>4.2.1. Beschreibung und Kategorien von Daten<\/p>\n<p>Unsere Website verwendet Cookies. Cookies sind Textdateien, die vom Internetbrowser auf dem Computersystem des Nutzers gespeichert werden. Ruft ein Nutzer eine Website auf, kann ein Cookie auf dem Computersystem des Nutzers gespeichert werden. Ein Cookie kann z.B. eine charakteristische Zeichenfolge enthalten, die es der Website erm\u00f6glicht, den Browser zu identifizieren, wenn der Nutzer die Website erneut aufruft.<\/p>\n<p>Die folgenden Daten werden in Cookies gespeichert und von dieser Website an das Computersystem des Nutzers gesendet:<\/p>\n<\/div><\/div><div class=\"w-image align_none\"><div class=\"w-image-h\"><img loading=\"lazy\" decoding=\"async\" width=\"1024\" height=\"155\" src=\"https:\/\/physiology-freiburg.de\/wp-content\/uploads\/2024\/02\/Phy-cookies-1-1024x155.jpg\" class=\"attachment-large size-large\" alt=\"\" srcset=\"https:\/\/physiology-freiburg.de\/wp-content\/uploads\/2024\/02\/Phy-cookies-1-1024x155.jpg 1024w, https:\/\/physiology-freiburg.de\/wp-content\/uploads\/2024\/02\/Phy-cookies-1-600x91.jpg 600w, https:\/\/physiology-freiburg.de\/wp-content\/uploads\/2024\/02\/Phy-cookies-1-300x45.jpg 300w, https:\/\/physiology-freiburg.de\/wp-content\/uploads\/2024\/02\/Phy-cookies-1-200x30.jpg 200w, https:\/\/physiology-freiburg.de\/wp-content\/uploads\/2024\/02\/Phy-cookies-1.jpg 1548w\" sizes=\"auto, (max-width: 1024px) 100vw, 1024px\" \/><\/div><\/div><div class=\"w-separator size_small\"><\/div><div class=\"wpb_text_column\"><div class=\"wpb_wrapper\"><p>4.2.2. Zweck<\/p>\n<p>Der Zweck des Einsatzes der unter 4.2.1 genannten technisch notwendigen Cookies ist es, dem Nutzer die Nutzung der Website zu erleichtern. Einige Funktionen unserer Website k\u00f6nnen ohne den Einsatz von Cookies nicht angeboten werden. F\u00fcr diese Funktionen ist es notwendig, dass der Browser wiedererkannt wird, wenn der Nutzer die Website sp\u00e4ter erneut besucht.<\/p>\n<p>Der Zweck der einzelnen Cookies ist in der Tabelle unter 4.2.1 aufgef\u00fchrt.<\/p>\n<p>Die durch die Cookies erhobenen Nutzungsdaten werden nicht zur Erstellung von Nutzungsprofilen verwendet.<\/p>\n<p>Diese Zwecke stellen auch unser berechtigtes Interesse an der Verarbeitung personenbezogener Daten gem\u00e4\u00df \u00a7 6 Abs. 1 lit. f. 1 lit. f GDPR.<\/p>\n<p>4.2.3. Rechtsgrundlage<\/p>\n<p>Die Rechtsgrundlage f\u00fcr die Verarbeitung personenbezogener Daten unter Verwendung von Cookies ist \u00a7 6 Abs. 1 lit. f. 1 lit. f GDPR.<\/p>\n<p>4.2.4. Empf\u00e4nger<\/p>\n<p>Empf\u00e4nger der in den Cookies enthaltenen Informationen ist ausschlie\u00dflich der autorisierte Webserver, d.h. der Webserver der Universit\u00e4t, der das Cookie gesendet hat.<\/p>\n<p>4.2.5. Dauer der Datenspeicherung<\/p>\n<p>Die Cookies werden f\u00fcr die in der Tabelle unter 4.2.1 aufgef\u00fchrten Zeitr\u00e4ume gespeichert.<\/p>\n<p>Da die Cookies auf Ihrem Computer gespeichert werden, haben Sie auch die M\u00f6glichkeit, sie fr\u00fcher zu l\u00f6schen. F\u00fcr weitere Informationen lesen Sie bitte den folgenden Abschnitt.<\/p>\n<p>4.2.6. Folgen der Nichtweitergabe, M\u00f6glichkeit des Widerspruchs oder der L\u00f6schung<\/p>\n<p>Cookies werden auf dem Computer des Nutzers gespeichert und von diesem an unsere Seite \u00fcbermittelt. Als Nutzer haben Sie daher auch die volle Kontrolle \u00fcber die Verwendung von Cookies &#8211; unabh\u00e4ngig von den oben genannten Speicherfristen. Sie k\u00f6nnen die \u00dcbertragung von Cookies deaktivieren oder einschr\u00e4nken, indem Sie die Einstellungen Ihres Webbrowsers \u00e4ndern. Auch bereits gespeicherte Cookies k\u00f6nnen Sie jederzeit l\u00f6schen. Sie k\u00f6nnen Ihren Browser sogar so einstellen, dass er dies automatisch tut. Wenn Sie Cookies f\u00fcr unsere Website deaktivieren, k\u00f6nnen Sie m\u00f6glicherweise nicht mehr alle Funktionen der Website in vollem Umfang nutzen.<\/p>\n<p>&nbsp;<\/p>\n<h3>4.3. Datenschutzrichtlinien f\u00fcr soziale Medien<\/h3>\n<ul>\n<li><a href=\"https:\/\/uni-freiburg.de\/facebook\/\">Facebook<\/a><\/li>\n<li><a href=\"https:\/\/uni-freiburg.de\/twitter\/\">Twitter<\/a><\/li>\n<li><a href=\"https:\/\/uni-freiburg.de\/instagram\/\">Instagram<\/a><\/li>\n<li><a href=\"https:\/\/uni-freiburg.de\/iyoutube\/\">Youtube<\/a><\/li>\n<li><a href=\"https:\/\/uni-freiburg.de\/xing\/\">Xing<\/a><\/li>\n<li><a href=\"https:\/\/uni-freiburg.de\/linkedin\/\">LinkedIn<\/a><\/li>\n<\/ul>\n<h3>5. Ihre Rechte<\/h3>\n<p>Sie haben das Recht, von der Universit\u00e4t Freiburg Auskunft \u00fcber Ihre gespeicherten Personendaten zu erhalten und\/oder unrichtig gespeicherte Daten berichtigen zu lassen.<\/p>\n<p>Sie haben auch das Recht, die L\u00f6schung Ihrer Daten oder die Einschr\u00e4nkung ihrer Verarbeitung zu verlangen sowie der Verarbeitung Ihrer Daten zu widersprechen.<\/p>\n<p>Wenn Sie uns Ihre Einwilligung zur Verarbeitung Ihrer personenbezogenen Daten gegeben haben, haben Sie auch das Recht, Ihre Einwilligung jederzeit zu widerrufen. Die Rechtm\u00e4\u00dfigkeit der aufgrund der Einwilligung bis zum Widerruf erfolgten Verarbeitung wird durch den Widerruf der Einwilligung nicht ber\u00fchrt. F\u00fcr weitere Informationen kontaktieren Sie uns bitte unter <a href=\"https:\/\/www.baden-wuerttemberg.datenschutz.de\/\">datenschutzbeauftragter@uni-freiburg.de<\/a>. Beruht die Verarbeitung von Daten auf einer Einwilligung oder auf einer f\u00f6rmlichen Vereinbarung, verweisen wir Sie an die zust\u00e4ndige Beh\u00f6rde.<\/p>\n<p>Wenn die Daten auch in automatisierter Form verarbeitet werden, haben Sie m\u00f6glicherweise ein Recht auf Daten\u00fcbertragbarkeit (\u00a7 20 EU-GDPR).<\/p>\n<p>Sie haben das Recht, eine Beschwerde bei einer Aufsichtsbeh\u00f6rde einzureichen, wenn Sie der Meinung sind, dass die Verarbeitung Ihrer personenbezogenen Daten gegen das Gesetz verst\u00f6\u00dft. Ein Beispiel f\u00fcr eine solche Aufsichtsbeh\u00f6rde ist der <a href=\"https:\/\/www.baden-wuerttemberg.datenschutz.de\/\">Landesbeauftragte f\u00fcr den Datenschutz und die Informationsfreiheit in Baden-W\u00fcrttemberg<\/a>.<\/p>\n<\/div><\/div><\/div><\/div><\/div><\/div><\/div><\/section>\n<\/section>","protected":false},"excerpt":{"rendered":"Datenschutzbestimmungen 1. Verantwortliche Stelle im Sinne des Datenschutzes Albert-Ludwigs-Universit\u00e4t Freiburg Friedrichstra\u00dfe 39 79098 Freiburg Deutschland ++49 (0)761\/203-0 info@uni-freiburg.de 2. Datenschutzbeauftragter Universit\u00e4t Freiburg Datenschutzbeauftragter datenschutzbeauftragter@uni-freiburg.de 3. Hinweis Diese Informationen zum Datenschutz\/Datenschutzerkl\u00e4rung beziehen sich auf die zentrale Website der Universit\u00e4t Freiburg (www.uni-freiburg.de), die von der Abteilung Informatikdienste der Universit\u00e4t Freiburg betrieben wird. Andere Webseiten und Webserver, die...","protected":false},"author":5,"featured_media":0,"parent":0,"menu_order":0,"comment_status":"closed","ping_status":"closed","template":"","meta":{"footnotes":""},"class_list":["post-2978","page","type-page","status-publish","hentry"],"yoast_head":"<!-- This site is optimized with the Yoast SEO plugin v27.3 - https:\/\/yoast.com\/product\/yoast-seo-wordpress\/ -->\n<title>Datenschutzbestimmungen - Institute of Physiology, Department 1 | University of Freiburg<\/title>\n<meta name=\"robots\" content=\"index, follow, max-snippet:-1, max-image-preview:large, max-video-preview:-1\" \/>\n<link rel=\"canonical\" href=\"https:\/\/physiology-freiburg.de\/de\/datenschutzbestimmungen\/\" \/>\n<meta property=\"og:locale\" content=\"de_DE\" \/>\n<meta property=\"og:type\" content=\"article\" \/>\n<meta property=\"og:title\" content=\"Datenschutzbestimmungen - Institute of Physiology, Department 1 | University of Freiburg\" \/>\n<meta property=\"og:url\" content=\"https:\/\/physiology-freiburg.de\/de\/datenschutzbestimmungen\/\" \/>\n<meta property=\"og:site_name\" content=\"Institute of Physiology, Department 1 | University of Freiburg\" \/>\n<meta name=\"twitter:card\" content=\"summary_large_image\" \/>\n<meta name=\"twitter:label1\" content=\"Gesch\u00e4tzte Lesezeit\" \/>\n\t<meta name=\"twitter:data1\" content=\"6\u00a0Minuten\" \/>\n<script type=\"application\/ld+json\" class=\"yoast-schema-graph\">{\"@context\":\"https:\\\/\\\/schema.org\",\"@graph\":[{\"@type\":\"WebPage\",\"@id\":\"https:\\\/\\\/physiology-freiburg.de\\\/de\\\/datenschutzbestimmungen\\\/\",\"url\":\"https:\\\/\\\/physiology-freiburg.de\\\/de\\\/datenschutzbestimmungen\\\/\",\"name\":\"Datenschutzbestimmungen - Institute of Physiology, Department 1 | University of Freiburg\",\"isPartOf\":{\"@id\":\"https:\\\/\\\/physiology-freiburg.de\\\/#website\"},\"datePublished\":\"2024-03-15T07:12:30+00:00\",\"breadcrumb\":{\"@id\":\"https:\\\/\\\/physiology-freiburg.de\\\/de\\\/datenschutzbestimmungen\\\/#breadcrumb\"},\"inLanguage\":\"de\",\"potentialAction\":[{\"@type\":\"ReadAction\",\"target\":[\"https:\\\/\\\/physiology-freiburg.de\\\/de\\\/datenschutzbestimmungen\\\/\"]}]},{\"@type\":\"BreadcrumbList\",\"@id\":\"https:\\\/\\\/physiology-freiburg.de\\\/de\\\/datenschutzbestimmungen\\\/#breadcrumb\",\"itemListElement\":[{\"@type\":\"ListItem\",\"position\":1,\"name\":\"Home\",\"item\":\"https:\\\/\\\/physiology-freiburg.de\\\/de\\\/\"},{\"@type\":\"ListItem\",\"position\":2,\"name\":\"Datenschutzbestimmungen\"}]},{\"@type\":\"WebSite\",\"@id\":\"https:\\\/\\\/physiology-freiburg.de\\\/#website\",\"url\":\"https:\\\/\\\/physiology-freiburg.de\\\/\",\"name\":\"Institute of Physiology, Department 1 | University of Freiburg | Neuroscience Freiburg\",\"description\":\"\",\"publisher\":{\"@id\":\"https:\\\/\\\/physiology-freiburg.de\\\/#organization\"},\"potentialAction\":[{\"@type\":\"SearchAction\",\"target\":{\"@type\":\"EntryPoint\",\"urlTemplate\":\"https:\\\/\\\/physiology-freiburg.de\\\/?s={search_term_string}\"},\"query-input\":{\"@type\":\"PropertyValueSpecification\",\"valueRequired\":true,\"valueName\":\"search_term_string\"}}],\"inLanguage\":\"de\"},{\"@type\":\"Organization\",\"@id\":\"https:\\\/\\\/physiology-freiburg.de\\\/#organization\",\"name\":\"Institute of Physiology, Department 1 | University of Freiburg | Neuroscience Freiburg\",\"url\":\"https:\\\/\\\/physiology-freiburg.de\\\/\",\"logo\":{\"@type\":\"ImageObject\",\"inLanguage\":\"de\",\"@id\":\"https:\\\/\\\/physiology-freiburg.de\\\/#\\\/schema\\\/logo\\\/image\\\/\",\"url\":\"https:\\\/\\\/physiology-freiburg.de\\\/wp-content\\\/uploads\\\/2023\\\/01\\\/512.png\",\"contentUrl\":\"https:\\\/\\\/physiology-freiburg.de\\\/wp-content\\\/uploads\\\/2023\\\/01\\\/512.png\",\"width\":512,\"height\":512,\"caption\":\"Institute of Physiology, Department 1 | University of Freiburg | Neuroscience Freiburg\"},\"image\":{\"@id\":\"https:\\\/\\\/physiology-freiburg.de\\\/#\\\/schema\\\/logo\\\/image\\\/\"}}]}<\/script>\n<!-- \/ Yoast SEO plugin. -->","yoast_head_json":{"title":"Datenschutzbestimmungen - Institute of Physiology, Department 1 | University of Freiburg","robots":{"index":"index","follow":"follow","max-snippet":"max-snippet:-1","max-image-preview":"max-image-preview:large","max-video-preview":"max-video-preview:-1"},"canonical":"https:\/\/physiology-freiburg.de\/de\/datenschutzbestimmungen\/","og_locale":"de_DE","og_type":"article","og_title":"Datenschutzbestimmungen - Institute of Physiology, Department 1 | University of Freiburg","og_url":"https:\/\/physiology-freiburg.de\/de\/datenschutzbestimmungen\/","og_site_name":"Institute of Physiology, Department 1 | University of Freiburg","twitter_card":"summary_large_image","twitter_misc":{"Gesch\u00e4tzte Lesezeit":"6\u00a0Minuten"},"schema":{"@context":"https:\/\/schema.org","@graph":[{"@type":"WebPage","@id":"https:\/\/physiology-freiburg.de\/de\/datenschutzbestimmungen\/","url":"https:\/\/physiology-freiburg.de\/de\/datenschutzbestimmungen\/","name":"Datenschutzbestimmungen - Institute of Physiology, Department 1 | University of Freiburg","isPartOf":{"@id":"https:\/\/physiology-freiburg.de\/#website"},"datePublished":"2024-03-15T07:12:30+00:00","breadcrumb":{"@id":"https:\/\/physiology-freiburg.de\/de\/datenschutzbestimmungen\/#breadcrumb"},"inLanguage":"de","potentialAction":[{"@type":"ReadAction","target":["https:\/\/physiology-freiburg.de\/de\/datenschutzbestimmungen\/"]}]},{"@type":"BreadcrumbList","@id":"https:\/\/physiology-freiburg.de\/de\/datenschutzbestimmungen\/#breadcrumb","itemListElement":[{"@type":"ListItem","position":1,"name":"Home","item":"https:\/\/physiology-freiburg.de\/de\/"},{"@type":"ListItem","position":2,"name":"Datenschutzbestimmungen"}]},{"@type":"WebSite","@id":"https:\/\/physiology-freiburg.de\/#website","url":"https:\/\/physiology-freiburg.de\/","name":"Institute of Physiology, Department 1 | University of Freiburg | Neuroscience Freiburg","description":"","publisher":{"@id":"https:\/\/physiology-freiburg.de\/#organization"},"potentialAction":[{"@type":"SearchAction","target":{"@type":"EntryPoint","urlTemplate":"https:\/\/physiology-freiburg.de\/?s={search_term_string}"},"query-input":{"@type":"PropertyValueSpecification","valueRequired":true,"valueName":"search_term_string"}}],"inLanguage":"de"},{"@type":"Organization","@id":"https:\/\/physiology-freiburg.de\/#organization","name":"Institute of Physiology, Department 1 | University of Freiburg | Neuroscience Freiburg","url":"https:\/\/physiology-freiburg.de\/","logo":{"@type":"ImageObject","inLanguage":"de","@id":"https:\/\/physiology-freiburg.de\/#\/schema\/logo\/image\/","url":"https:\/\/physiology-freiburg.de\/wp-content\/uploads\/2023\/01\/512.png","contentUrl":"https:\/\/physiology-freiburg.de\/wp-content\/uploads\/2023\/01\/512.png","width":512,"height":512,"caption":"Institute of Physiology, Department 1 | University of Freiburg | Neuroscience Freiburg"},"image":{"@id":"https:\/\/physiology-freiburg.de\/#\/schema\/logo\/image\/"}}]}},"_links":{"self":[{"href":"https:\/\/physiology-freiburg.de\/de\/wp-json\/wp\/v2\/pages\/2978","targetHints":{"allow":["GET"]}}],"collection":[{"href":"https:\/\/physiology-freiburg.de\/de\/wp-json\/wp\/v2\/pages"}],"about":[{"href":"https:\/\/physiology-freiburg.de\/de\/wp-json\/wp\/v2\/types\/page"}],"author":[{"embeddable":true,"href":"https:\/\/physiology-freiburg.de\/de\/wp-json\/wp\/v2\/users\/5"}],"replies":[{"embeddable":true,"href":"https:\/\/physiology-freiburg.de\/de\/wp-json\/wp\/v2\/comments?post=2978"}],"version-history":[{"count":1,"href":"https:\/\/physiology-freiburg.de\/de\/wp-json\/wp\/v2\/pages\/2978\/revisions"}],"predecessor-version":[{"id":2981,"href":"https:\/\/physiology-freiburg.de\/de\/wp-json\/wp\/v2\/pages\/2978\/revisions\/2981"}],"wp:attachment":[{"href":"https:\/\/physiology-freiburg.de\/de\/wp-json\/wp\/v2\/media?parent=2978"}],"curies":[{"name":"wp","href":"https:\/\/api.w.org\/{rel}","templated":true}]}}